{"id":309,"date":"2020-04-16T14:34:32","date_gmt":"2020-04-16T14:34:32","guid":{"rendered":"https:\/\/demo.creativethemes.com\/blocksy\/travel\/?page_id=8"},"modified":"2024-02-24T14:59:21","modified_gmt":"2024-02-24T14:59:21","slug":"blog","status":"publish","type":"page","link":"https:\/\/blog.fubuha.com\/index.php\/blog\/","title":{"rendered":"Blog"},"content":{"rendered":"\n<p><\/p>\n\n\n\n<main class=\"wp-block-group is-layout-flow wp-block-group-is-layout-flow\" style=\"margin-top:0;margin-bottom:0;padding-top:0;padding-right:0;padding-bottom:0;padding-left:0\"><div class=\"wp-block-group__inner-container\">\n<div class=\"wp-block-group alignfull is-layout-constrained wp-block-group-is-layout-constrained\" style=\"margin-top:0px;margin-bottom:0px;padding-top:64px;padding-bottom:8px\"><div class=\"wp-block-group__inner-container\"><\/div><\/div>\n\n\n\n<div class=\"wp-block-group alignfull is-layout-constrained wp-block-group-is-layout-constrained\" style=\"margin-top:0px;margin-bottom:0px;padding-top:64px;padding-bottom:64px\"><div class=\"wp-block-group__inner-container\">\n<div class=\"wp-block-query alignwide is-layout-flow wp-block-query-is-layout-flow\"><ul class=\"wp-block-post-template is-layout-flow wp-block-post-template-is-layout-flow\"><li class=\"wp-block-post post-590 post type-post status-publish format-standard hentry category-ai category-blog tag-ai tag-news\">\n\n<div class=\"wp-block-columns is-layout-flex wp-container-core-columns-layout-1 wp-block-columns-is-layout-flex\">\n<div class=\"wp-block-column is-layout-flow wp-block-column-is-layout-flow\" style=\"flex-basis:30%\"><\/div>\n\n\n\n<div class=\"wp-block-column is-vertically-aligned-center is-layout-flow wp-block-column-is-layout-flow\"><h3 class=\"wp-block-post-title\"><a href=\"https:\/\/blog.fubuha.com\/index.php\/2024\/10\/27\/fubuha-na-konferencji-aiba\/\" target=\"_self\" >Fubuha na konferencji AIBA<\/a><\/h3>\n\n<div class=\"wp-block-post-date has-small-font-size\"><time datetime=\"2024-10-27T15:43:44+00:00\">October 27, 2024<\/time><\/div>\n\n<div class=\"wp-block-post-excerpt\"><p class=\"wp-block-post-excerpt__excerpt\">Z ogromnym entuzjazmem informujemy, \u017ce firma fubuha mia\u0142a przywilej uczestniczy\u0107 jako wystawca w tegorocznej konferencji AIBA (Artificial Intelligence &amp; Business Analytics Conference), kt\u00f3ra odby\u0142a si\u0119 w dniach 22-23 pa\u017adziernika 2024 roku. To presti\u017cowe wydarzenie zgromadzi\u0142o \u015bwiatowej klasy ekspert\u00f3w i pasjonat\u00f3w sztucznej inteligencji oraz analizy biznesowej. Konferencja by\u0142a dla nas wyj\u0105tkow\u0105 okazj\u0105 do zaprezentowania najnowszych technologii&hellip; <\/p><\/div><\/div>\n<\/div>\n\n<\/li><li class=\"wp-block-post post-70 post type-post status-publish format-standard hentry category-blog\">\n\n<div class=\"wp-block-columns is-layout-flex wp-container-core-columns-layout-2 wp-block-columns-is-layout-flex\">\n<div class=\"wp-block-column is-layout-flow wp-block-column-is-layout-flow\" style=\"flex-basis:30%\"><\/div>\n\n\n\n<div class=\"wp-block-column is-vertically-aligned-center is-layout-flow wp-block-column-is-layout-flow\"><h3 class=\"wp-block-post-title\"><a href=\"https:\/\/blog.fubuha.com\/index.php\/2024\/02\/25\/modern-data-warehouse-porownanie-synapse-dedicated-pool-z-standarowa-baza-ms-sql\/\" target=\"_self\" >Modern data warehouse &#8211; por\u00f3wnanie synapse dedicated pool z standarowa baza ms sql<\/a><\/h3>\n\n<div class=\"wp-block-post-date has-small-font-size\"><time datetime=\"2024-02-25T09:16:29+00:00\">February 25, 2024<\/time><\/div>\n\n<div class=\"wp-block-post-excerpt\"><p class=\"wp-block-post-excerpt__excerpt\">Standardowy data warehouse czy synapse dedicated pool? Wyb\u00f3r pomi\u0119dzy MS SQL &amp; Synapse Dedicated Pool zale\u017cy od konkretnych potrzeb organizacji i rodzaju przetwarzania danych, kt\u00f3re maj\u0105 by\u0107 obs\u0142ugiwane. MS SQL Server to tradycyjna baza danych typu relacyjnego o architekturze monolitycznej, kt\u00f3ra dzia\u0142a na pojedynczym serwerze lub klastrze serwer\u00f3w. Platforma Synapse Dedicated SQL Pool to zaawansowane&hellip; <\/p><\/div><\/div>\n<\/div>\n\n<\/li><li class=\"wp-block-post post-81 post type-post status-publish format-standard hentry category-azure tag-app-registration tag-authorization tag-azure tag-msal-js tag-react tag-roles tag-security tag-spa\">\n\n<div class=\"wp-block-columns is-layout-flex wp-container-core-columns-layout-3 wp-block-columns-is-layout-flex\">\n<div class=\"wp-block-column is-layout-flow wp-block-column-is-layout-flow\" style=\"flex-basis:30%\"><\/div>\n\n\n\n<div class=\"wp-block-column is-vertically-aligned-center is-layout-flow wp-block-column-is-layout-flow\"><h3 class=\"wp-block-post-title\"><a href=\"https:\/\/blog.fubuha.com\/index.php\/2024\/02\/25\/azure-app-registration-role-w-aplikacji-spa-1-2\/\" target=\"_self\" >Azure App Registration &#8211; roles in react SPA (1\/2)<\/a><\/h3>\n\n<div class=\"wp-block-post-date has-small-font-size\"><time datetime=\"2024-02-25T09:16:29+00:00\">February 25, 2024<\/time><\/div>\n\n<div class=\"wp-block-post-excerpt\"><p class=\"wp-block-post-excerpt__excerpt\">Starting work on your new SPA (Single Page Application) and need a solid and FREE authentication and access control mechanism? In that case, the Microsoft Entra service (formerly Azure Active Directory) might be an excellent solution. This post will discuss how to register a SPA in Microsoft Entra step by step, to secure it against&hellip; <\/p><\/div><\/div>\n<\/div>\n\n<\/li><\/ul>\n\n\n\n<nav class=\"wp-block-query-pagination is-content-justification-space-between is-nowrap is-layout-flex wp-container-core-query-pagination-layout-1 wp-block-query-pagination-is-layout-flex\" aria-label=\"Pagination\">\n\n\n<a href=\"\/index.php\/wp-json\/wp\/v2\/pages\/309?query-9-page=2\" style=\"text-transform:none;\" class=\"wp-block-query-pagination-next\">Next<span class='wp-block-query-pagination-next-arrow is-arrow-arrow' aria-hidden='true'>\u2192<\/span><\/a>\n<\/nav><\/div>\n<\/div><\/div>\n\n\n\n<div class=\"wp-block-group alignfull has-ti-fg-alt-color has-ti-bg-inv-background-color has-text-color has-background is-layout-constrained wp-block-group-is-layout-constrained\" style=\"margin-top:0px;margin-bottom:0px;padding-top:64px;padding-bottom:64px\"><div class=\"wp-block-group__inner-container\">\n<h2 class=\"wp-block-heading has-text-align-center\">Search for an article<\/h2>\n\n\n<form role=\"search\" method=\"get\" action=\"https:\/\/blog.fubuha.com\/\" class=\"wp-block-search__button-outside wp-block-search__text-button wp-block-search\"    ><label class=\"wp-block-search__label screen-reader-text\" for=\"wp-block-search__input-1\" >Search<\/label><div class=\"wp-block-search__inside-wrapper \" ><input class=\"wp-block-search__input\" id=\"wp-block-search__input-1\" placeholder=\"\" value=\"\" type=\"search\" name=\"s\" required \/><button aria-label=\"Search\" class=\"wp-block-search__button wp-element-button\" type=\"submit\" >Search<\/button><\/div><\/form><\/div><\/div>\n<\/div><\/main>\n","protected":false},"excerpt":{"rendered":"<p>Senectus et netus et malesuada fames ac turpis egestas. Sed libero enim sed faucibus turpis in eu. Pharetra diam sit amet nisl suscipit adipiscing bibendum est.<\/p>\n","protected":false},"author":1,"featured_media":0,"parent":0,"menu_order":0,"comment_status":"closed","ping_status":"closed","template":"","meta":{"_acf_changed":false,"om_disable_all_campaigns":false,"inline_featured_image":false,"_monsterinsights_skip_tracking":false,"_monsterinsights_sitenote_active":false,"_monsterinsights_sitenote_note":"","_monsterinsights_sitenote_category":0,"_uf_show_specific_survey":0,"_uf_disable_surveys":false,"footnotes":""},"acf":[],"aioseo_notices":[],"_links":{"self":[{"href":"https:\/\/blog.fubuha.com\/index.php\/wp-json\/wp\/v2\/pages\/309"}],"collection":[{"href":"https:\/\/blog.fubuha.com\/index.php\/wp-json\/wp\/v2\/pages"}],"about":[{"href":"https:\/\/blog.fubuha.com\/index.php\/wp-json\/wp\/v2\/types\/page"}],"author":[{"embeddable":true,"href":"https:\/\/blog.fubuha.com\/index.php\/wp-json\/wp\/v2\/users\/1"}],"replies":[{"embeddable":true,"href":"https:\/\/blog.fubuha.com\/index.php\/wp-json\/wp\/v2\/comments?post=309"}],"version-history":[{"count":1,"href":"https:\/\/blog.fubuha.com\/index.php\/wp-json\/wp\/v2\/pages\/309\/revisions"}],"predecessor-version":[{"id":446,"href":"https:\/\/blog.fubuha.com\/index.php\/wp-json\/wp\/v2\/pages\/309\/revisions\/446"}],"wp:attachment":[{"href":"https:\/\/blog.fubuha.com\/index.php\/wp-json\/wp\/v2\/media?parent=309"}],"curies":[{"name":"wp","href":"https:\/\/api.w.org\/{rel}","templated":true}]}}